{"id":273,"date":"2025-11-12T12:57:38","date_gmt":"2025-11-12T11:57:38","guid":{"rendered":"https:\/\/falanga.wauweb.sk\/capital-asset\/"},"modified":"2025-12-04T10:02:40","modified_gmt":"2025-12-04T09:02:40","slug":"capital-asset","status":"publish","type":"page","link":"https:\/\/falanga.wauweb.sk\/en\/capital-asset\/","title":{"rendered":"Capital Asset"},"content":{"rendered":"<div id=\"pl-273\"  class=\"panel-layout\" ><div id=\"pg-273-0\"  class=\"panel-grid panel-has-style\" ><div class=\"panel-row-style panel-row-style-for-273-0\" ><div id=\"pgc-273-0-0\"  class=\"panel-grid-cell\" ><div id=\"panel-273-0-0-0\" class=\"so-panel widget widget_siteorigin-panels-builder panel-first-child panel-last-child\" data-index=\"0\" ><div class=\"panel-widget-style panel-widget-style-for-273-0-0-0\" ><div id=\"pl-w69314b8a420a9\"  class=\"panel-layout\" ><div id=\"pg-w69314b8a420a9-0\"  class=\"panel-grid panel-no-style\" ><div id=\"pgc-w69314b8a420a9-0-0\"  class=\"panel-grid-cell\" ><div id=\"panel-w69314b8a420a9-0-0-0\" class=\"so-panel widget widget_sow-editor panel-first-child\" data-index=\"0\" ><div\n\t\t\t\n\t\t\tclass=\"so-widget-sow-editor so-widget-sow-editor-base\"\n\t\t\t\n\t\t>\n<div class=\"siteorigin-widget-tinymce textwidget\">\n\t<p style=\"text-align: center; text-transform: uppercase\">Strategic and multimodal acquisitions:<\/p>\n<\/div>\n<\/div><\/div><div id=\"panel-w69314b8a420a9-0-0-1\" class=\"so-panel widget widget_sow-image\" data-index=\"1\" ><div class=\"panel-widget-style panel-widget-style-for-w69314b8a420a9-0-0-1\" ><div\n\t\t\t\n\t\t\tclass=\"so-widget-sow-image so-widget-sow-image-default-8b5b6f678277\"\n\t\t\t\n\t\t>\n<div class=\"sow-image-container\">\n\t\t<img \n\tsrc=\"https:\/\/falanga.wauweb.sk\/wp-content\/uploads\/2025\/11\/Group.svg\" width=\"79\" height=\"80\" sizes=\"(max-width: 79px) 100vw, 79px\" alt=\"\" \t\tclass=\"so-widget-image\"\/>\n\t<\/div>\n\n<\/div><\/div><\/div><div id=\"panel-w69314b8a420a9-0-0-2\" class=\"so-panel widget widget_sow-editor panel-last-child\" data-index=\"2\" ><div\n\t\t\t\n\t\t\tclass=\"so-widget-sow-editor so-widget-sow-editor-base\"\n\t\t\t\n\t\t>\n<div class=\"siteorigin-widget-tinymce textwidget\">\n\t<h5 style=\"text-align: center;\">industrial parks, logistics, air and rail transport<\/h5>\n<\/div>\n<\/div><\/div><\/div><\/div><\/div><\/div><\/div><\/div><div id=\"pgc-273-0-1\"  class=\"panel-grid-cell\" ><div id=\"panel-273-0-1-0\" class=\"so-panel widget widget_siteorigin-panels-builder panel-first-child panel-last-child\" data-index=\"1\" ><div class=\"panel-widget-style panel-widget-style-for-273-0-1-0\" ><div id=\"pl-w69314b8a42ec3\"  class=\"panel-layout\" ><div id=\"pg-w69314b8a42ec3-0\"  class=\"panel-grid panel-no-style\" ><div id=\"pgc-w69314b8a42ec3-0-0\"  class=\"panel-grid-cell\" ><div id=\"panel-w69314b8a42ec3-0-0-0\" class=\"so-panel widget widget_sow-editor panel-first-child\" data-index=\"0\" ><div\n\t\t\t\n\t\t\tclass=\"so-widget-sow-editor so-widget-sow-editor-base\"\n\t\t\t\n\t\t>\n<div class=\"siteorigin-widget-tinymce textwidget\">\n\t<p style=\"text-align: center; text-transform: uppercase;\">Dynamic growth:<\/p>\n<\/div>\n<\/div><\/div><div id=\"panel-w69314b8a42ec3-0-0-1\" class=\"so-panel widget widget_sow-image\" data-index=\"1\" ><div class=\"panel-widget-style panel-widget-style-for-w69314b8a42ec3-0-0-1\" ><div\n\t\t\t\n\t\t\tclass=\"so-widget-sow-image so-widget-sow-image-default-8b5b6f678277\"\n\t\t\t\n\t\t>\n<div class=\"sow-image-container\">\n\t\t<img \n\tsrc=\"https:\/\/falanga.wauweb.sk\/wp-content\/uploads\/2025\/11\/Frame-116.svg\" width=\"62\" height=\"87\" sizes=\"(max-width: 62px) 100vw, 62px\" title=\"Frame 116\" alt=\"\" \t\tclass=\"so-widget-image\"\/>\n\t<\/div>\n\n<\/div><\/div><\/div><div id=\"panel-w69314b8a42ec3-0-0-2\" class=\"so-panel widget widget_sow-editor panel-last-child\" data-index=\"2\" ><div\n\t\t\t\n\t\t\tclass=\"so-widget-sow-editor so-widget-sow-editor-base\"\n\t\t\t\n\t\t>\n<div class=\"siteorigin-widget-tinymce textwidget\">\n\t<h5 style=\"text-align: center;\">low-risk development.<\/h5>\n<\/div>\n<\/div><\/div><\/div><\/div><\/div><\/div><\/div><\/div><div id=\"pgc-273-0-2\"  class=\"panel-grid-cell\" ><div id=\"panel-273-0-2-0\" class=\"so-panel widget widget_siteorigin-panels-builder panel-first-child panel-last-child\" data-index=\"2\" ><div class=\"panel-widget-style panel-widget-style-for-273-0-2-0\" ><div id=\"pl-w69314b8a4354b\"  class=\"panel-layout\" ><div id=\"pg-w69314b8a4354b-0\"  class=\"panel-grid panel-no-style\" ><div id=\"pgc-w69314b8a4354b-0-0\"  class=\"panel-grid-cell\" ><div id=\"panel-w69314b8a4354b-0-0-0\" class=\"so-panel widget widget_sow-editor panel-first-child\" data-index=\"0\" ><div\n\t\t\t\n\t\t\tclass=\"so-widget-sow-editor so-widget-sow-editor-base\"\n\t\t\t\n\t\t>\n<div class=\"siteorigin-widget-tinymce textwidget\">\n\t<p style=\"text-align: center; text-transform: uppercase;\">Investment:<\/p>\n<\/div>\n<\/div><\/div><div id=\"panel-w69314b8a4354b-0-0-1\" class=\"so-panel widget widget_sow-image\" data-index=\"1\" ><div class=\"panel-widget-style panel-widget-style-for-w69314b8a4354b-0-0-1\" ><div\n\t\t\t\n\t\t\tclass=\"so-widget-sow-image so-widget-sow-image-default-8b5b6f678277\"\n\t\t\t\n\t\t>\n<div class=\"sow-image-container\">\n\t\t<img \n\tsrc=\"https:\/\/falanga.wauweb.sk\/wp-content\/uploads\/2025\/11\/Artboard4.svg\" width=\"100\" height=\"100\" sizes=\"(max-width: 100px) 100vw, 100px\" alt=\"\" \t\tclass=\"so-widget-image\"\/>\n\t<\/div>\n\n<\/div><\/div><\/div><div id=\"panel-w69314b8a4354b-0-0-2\" class=\"so-panel widget widget_sow-editor panel-last-child\" data-index=\"2\" ><div\n\t\t\t\n\t\t\tclass=\"so-widget-sow-editor so-widget-sow-editor-base\"\n\t\t\t\n\t\t>\n<div class=\"siteorigin-widget-tinymce textwidget\">\n\t<h5 style=\"text-align: center;\">commodities and traditional markets.<\/h5>\n<\/div>\n<\/div><\/div><\/div><\/div><\/div><\/div><\/div><\/div><\/div><\/div><div id=\"pg-273-1\"  class=\"panel-grid panel-has-style\" ><div class=\"siteorigin-panels-stretch panel-row-style panel-row-style-for-273-1\" data-stretch-type=\"full-width-stretch\" ><div id=\"pgc-273-1-0\"  class=\"panel-grid-cell panel-grid-cell-empty\" ><\/div><div id=\"pgc-273-1-1\"  class=\"panel-grid-cell panel-grid-cell-mobile-last\" ><div id=\"panel-273-1-1-0\" class=\"so-panel widget widget_sow-editor panel-first-child panel-last-child\" data-index=\"3\" ><div\n\t\t\t\n\t\t\tclass=\"so-widget-sow-editor so-widget-sow-editor-base\"\n\t\t\t\n\t\t>\n<div class=\"siteorigin-widget-tinymce textwidget\">\n\t<h1 style=\"text-align: center;\">The best time to shape the future is right now.<\/h1>\n<p style=\"text-align: center;\"><a class=\"main-btn\" href=\".\/contact\"><span>Contact us<\/span><\/a><\/p>\n<\/div>\n<\/div><\/div><\/div><div id=\"pgc-273-1-2\"  class=\"panel-grid-cell panel-grid-cell-empty\" ><\/div><\/div><\/div><div id=\"pg-273-2\"  class=\"panel-grid panel-no-style\" ><div id=\"pgc-273-2-0\"  class=\"panel-grid-cell\" ><div id=\"panel-273-2-0-0\" class=\"so-panel widget widget_sow-editor panel-first-child panel-last-child\" data-index=\"4\" ><div class=\"panel-widget-style panel-widget-style-for-273-2-0-0\" ><div\n\t\t\t\n\t\t\tclass=\"so-widget-sow-editor so-widget-sow-editor-base\"\n\t\t\t\n\t\t>\n<div class=\"siteorigin-widget-tinymce textwidget\">\n\t<hr \/>\n<\/div>\n<\/div><\/div><\/div><\/div><\/div><div id=\"pg-273-3\"  class=\"panel-grid panel-no-style\" ><div id=\"pgc-273-3-0\"  class=\"panel-grid-cell\" ><div id=\"panel-273-3-0-0\" class=\"so-panel widget widget_sow-editor panel-first-child panel-last-child\" data-index=\"5\" ><div class=\"panel-widget-style panel-widget-style-for-273-3-0-0\" ><div\n\t\t\t\n\t\t\tclass=\"so-widget-sow-editor so-widget-sow-editor-base\"\n\t\t\t\n\t\t>\n<div class=\"siteorigin-widget-tinymce textwidget\">\n\t<h3>Expected development of the investment<\/h3>\n<p>Thanks to specialized sub-funds, we focus on strategic investments in industry, primarily in the areas of technology, innovation and data, but also logistics and medicine.\u00a0<\/p>\n<p><a class=\"main-btn\" href=\".\/kontakt\"><span>Contact us<\/span><\/a><\/p>\n<\/div>\n<\/div><\/div><\/div><\/div><div id=\"pgc-273-3-1\"  class=\"panel-grid-cell\" ><div id=\"panel-273-3-1-0\" class=\"so-panel widget widget_sow-image panel-first-child panel-last-child\" data-index=\"6\" ><div\n\t\t\t\n\t\t\tclass=\"so-widget-sow-image so-widget-sow-image-default-8b5b6f678277-273\"\n\t\t\t\n\t\t>\n<div class=\"sow-image-container\">\n\t\t<img \n\tsrc=\"https:\/\/falanga.wauweb.sk\/wp-content\/uploads\/2025\/11\/BarLineChart.png\" width=\"1492\" height=\"866\" srcset=\"https:\/\/falanga.wauweb.sk\/wp-content\/uploads\/2025\/11\/BarLineChart.png 1492w, https:\/\/falanga.wauweb.sk\/wp-content\/uploads\/2025\/11\/BarLineChart-300x174.png 300w, https:\/\/falanga.wauweb.sk\/wp-content\/uploads\/2025\/11\/BarLineChart-1024x594.png 1024w\" sizes=\"(max-width: 1492px) 100vw, 1492px\" alt=\"\" \t\tclass=\"so-widget-image\"\/>\n\t<\/div>\n\n<\/div><\/div><\/div><\/div><div id=\"pg-273-4\"  class=\"panel-grid panel-has-style\" ><div class=\"panel-row-style panel-row-style-for-273-4\" ><div id=\"pgc-273-4-0\"  class=\"panel-grid-cell\" ><div id=\"panel-273-4-0-0\" class=\"so-panel widget widget_siteorigin-panels-builder panel-first-child panel-last-child\" data-index=\"7\" ><div class=\"panel-widget-style panel-widget-style-for-273-4-0-0\" ><div id=\"pl-w69314c9bb8681\"  class=\"panel-layout\" ><div id=\"pg-w69314c9bb8681-0\"  class=\"panel-grid panel-no-style\" ><div id=\"pgc-w69314c9bb8681-0-0\"  class=\"panel-grid-cell\" ><div id=\"panel-w69314c9bb8681-0-0-0\" class=\"so-panel widget widget_sow-editor panel-first-child\" data-index=\"0\" ><div\n\t\t\t\n\t\t\tclass=\"so-widget-sow-editor so-widget-sow-editor-base\"\n\t\t\t\n\t\t>\n<div class=\"siteorigin-widget-tinymce textwidget\">\n\t<p style=\"text-align: center; text-transform: uppercase\">Investment horizon<\/p>\n<\/div>\n<\/div><\/div><div id=\"panel-w69314c9bb8681-0-0-1\" class=\"so-panel widget widget_sow-editor panel-last-child\" data-index=\"1\" ><div\n\t\t\t\n\t\t\tclass=\"so-widget-sow-editor so-widget-sow-editor-base\"\n\t\t\t\n\t\t>\n<div class=\"siteorigin-widget-tinymce textwidget\">\n\t<h2 style=\"text-align: center;\">5+ years<\/h2>\n<\/div>\n<\/div><\/div><\/div><\/div><\/div><\/div><\/div><\/div><div id=\"pgc-273-4-1\"  class=\"panel-grid-cell\" ><div id=\"panel-273-4-1-0\" class=\"so-panel widget widget_siteorigin-panels-builder panel-first-child panel-last-child\" data-index=\"8\" ><div class=\"panel-widget-style panel-widget-style-for-273-4-1-0\" ><div id=\"pl-w69314d823b814\"  class=\"panel-layout\" ><div id=\"pg-w69314d823b814-0\"  class=\"panel-grid panel-no-style\" ><div id=\"pgc-w69314d823b814-0-0\"  class=\"panel-grid-cell\" ><div id=\"panel-w69314d823b814-0-0-0\" class=\"so-panel widget widget_sow-editor panel-first-child\" data-index=\"0\" ><div\n\t\t\t\n\t\t\tclass=\"so-widget-sow-editor so-widget-sow-editor-base\"\n\t\t\t\n\t\t>\n<div class=\"siteorigin-widget-tinymce textwidget\">\n\t<p style=\"text-align: center; text-transform: uppercase\">Investment risk:<\/p>\n<\/div>\n<\/div><\/div><div id=\"panel-w69314d823b814-0-0-1\" class=\"so-panel widget widget_sow-editor\" data-index=\"1\" ><div\n\t\t\t\n\t\t\tclass=\"so-widget-sow-editor so-widget-sow-editor-base\"\n\t\t\t\n\t\t>\n<div class=\"siteorigin-widget-tinymce textwidget\">\n\t<h2 style=\"text-align: center;\">4\/6<\/h2>\n<\/div>\n<\/div><\/div><div id=\"panel-w69314d823b814-0-0-2\" class=\"so-panel widget widget_sow-image panel-last-child\" data-index=\"2\" ><div class=\"panel-widget-style panel-widget-style-for-w69314d823b814-0-0-2\" ><div\n\t\t\t\n\t\t\tclass=\"so-widget-sow-image so-widget-sow-image-default-8b5b6f678277\"\n\t\t\t\n\t\t>\n<div class=\"sow-image-container\">\n\t\t<img \n\tsrc=\"https:\/\/falanga.wauweb.sk\/wp-content\/uploads\/2025\/11\/Frame-50.svg\" width=\"160\" height=\"4\" sizes=\"(max-width: 160px) 100vw, 160px\" title=\"Frame 50\" alt=\"\" \t\tclass=\"so-widget-image\"\/>\n\t<\/div>\n\n<\/div><\/div><\/div><\/div><\/div><\/div><\/div><\/div><\/div><div id=\"pgc-273-4-2\"  class=\"panel-grid-cell\" ><div id=\"panel-273-4-2-0\" class=\"so-panel widget widget_siteorigin-panels-builder panel-first-child panel-last-child\" data-index=\"9\" ><div class=\"panel-widget-style panel-widget-style-for-273-4-2-0\" ><div id=\"pl-w69314c9bb9898\"  class=\"panel-layout\" ><div id=\"pg-w69314c9bb9898-0\"  class=\"panel-grid panel-no-style\" ><div id=\"pgc-w69314c9bb9898-0-0\"  class=\"panel-grid-cell\" ><div id=\"panel-w69314c9bb9898-0-0-0\" class=\"so-panel widget widget_sow-editor panel-first-child\" data-index=\"0\" ><div\n\t\t\t\n\t\t\tclass=\"so-widget-sow-editor so-widget-sow-editor-base\"\n\t\t\t\n\t\t>\n<div class=\"siteorigin-widget-tinymce textwidget\">\n\t<p style=\"text-align: center; text-transform: uppercase\">Minimum investment:<\/p>\n<\/div>\n<\/div><\/div><div id=\"panel-w69314c9bb9898-0-0-1\" class=\"so-panel widget widget_sow-editor panel-last-child\" data-index=\"1\" ><div class=\"panel-widget-style panel-widget-style-for-w69314c9bb9898-0-0-1\" ><div\n\t\t\t\n\t\t\tclass=\"so-widget-sow-editor so-widget-sow-editor-base\"\n\t\t\t\n\t\t>\n<div class=\"siteorigin-widget-tinymce textwidget\">\n\t<h4 style=\"text-align: center;\">1 000 000 K\u010d<br \/>\n\/ 50 000 EUR<\/h4>\n<\/div>\n<\/div><\/div><\/div><\/div><\/div><\/div><\/div><\/div><\/div><\/div><\/div><div id=\"pg-273-5\"  class=\"panel-grid panel-has-style\" ><div class=\"siteorigin-panels-stretch panel-row-style panel-row-style-for-273-5\" data-stretch-type=\"full\" ><div id=\"pgc-273-5-0\"  class=\"panel-grid-cell\" ><div id=\"panel-273-5-0-0\" class=\"so-panel widget widget_siteorigin-panels-builder panel-first-child panel-last-child\" data-index=\"10\" ><div id=\"pl-w69314e2ff1434\"  class=\"panel-layout\" ><div id=\"pg-w69314e2ff1434-0\"  class=\"panel-grid panel-has-style\" ><div class=\"panel-row-style panel-row-style-for-w69314e2ff1434-0\" ><div id=\"pgc-w69314e2ff1434-0-0\"  class=\"panel-grid-cell\" ><div id=\"panel-w69314e2ff1434-0-0-0\" class=\"so-panel widget widget_sow-editor panel-first-child panel-last-child\" data-index=\"0\" ><div\n\t\t\t\n\t\t\tclass=\"so-widget-sow-editor so-widget-sow-editor-base\"\n\t\t\t\n\t\t>\n<div class=\"siteorigin-widget-tinymce textwidget\">\n\t<h2>Information for investors<\/h2>\n<\/div>\n<\/div><\/div><\/div><\/div><\/div><div id=\"pg-w69314e2ff1434-1\"  class=\"panel-grid panel-no-style\" ><div id=\"pgc-w69314e2ff1434-1-0\"  class=\"panel-grid-cell\" ><div id=\"panel-w69314e2ff1434-1-0-0\" class=\"so-panel widget widget_sow-editor panel-first-child panel-last-child\" data-index=\"1\" ><div\n\t\t\t\n\t\t\tclass=\"so-widget-sow-editor so-widget-sow-editor-base\"\n\t\t\t\n\t\t>\n<div class=\"siteorigin-widget-tinymce textwidget\">\n\t\n<table id=\"tablepress-3\" class=\"tablepress tablepress-id-3\">\n<tbody>\n<tr class=\"row-1\">\n\t<td class=\"column-1\">Fund name:<\/td><td class=\"column-2\">Falanga Invest SICAV a.s.<\/td>\n<\/tr>\n<tr class=\"row-2\">\n\t<td class=\"column-1\">Sub-fund name:<\/td><td class=\"column-2\">Falanga Invest Podfond Technology<\/td>\n<\/tr>\n<tr class=\"row-3\">\n\t<td class=\"column-1\">Fund type:<\/td><td class=\"column-2\">Fond kvalifikovan\u00fdch investor\u016f<\/td>\n<\/tr>\n<tr class=\"row-4\">\n\t<td class=\"column-1\">Farmer:<\/td><td class=\"column-2\">AVANT investi\u010dn\u00ed spole\u010dnost, a.s.<\/td>\n<\/tr>\n<tr class=\"row-5\">\n\t<td class=\"column-1\">Administrator:<\/td><td class=\"column-2\">AVANT investi\u010dn\u00ed spole\u010dnost, a.s.<\/td>\n<\/tr>\n<tr class=\"row-6\">\n\t<td class=\"column-1\">Adviser:<\/td><td class=\"column-2\">Falanga Invest Asset s.r.o.<\/td>\n<\/tr>\n<tr class=\"row-7\">\n\t<td class=\"column-1\">Auditor:<\/td><td class=\"column-2\">APOGEO Audit, s.r.o.<\/td>\n<\/tr>\n<tr class=\"row-8\">\n\t<td class=\"column-1\">Depositary:<\/td><td class=\"column-2\">CYRRUS, a.s.<\/td>\n<\/tr>\n<\/tbody>\n<\/table>\n<!-- #tablepress-3 from cache -->\n<\/div>\n<\/div><\/div><\/div><div id=\"pgc-w69314e2ff1434-1-1\"  class=\"panel-grid-cell\" ><div id=\"panel-w69314e2ff1434-1-1-0\" class=\"so-panel widget widget_sow-editor panel-first-child panel-last-child\" data-index=\"2\" ><div\n\t\t\t\n\t\t\tclass=\"so-widget-sow-editor so-widget-sow-editor-base\"\n\t\t\t\n\t\t>\n<div class=\"siteorigin-widget-tinymce textwidget\">\n\t\n<table id=\"tablepress-4\" class=\"tablepress tablepress-id-4\">\n<tbody>\n<tr class=\"row-1\">\n\t<td class=\"column-1\">Minimum investment amount:<\/td><td class=\"column-2\">1 000 000 K\u010d \/ 50 000 EUR<\/td>\n<\/tr>\n<tr class=\"row-2\">\n\t<td class=\"column-1\">Entrance fee:<\/td><td class=\"column-2\">Max. 3 %<\/td>\n<\/tr>\n<tr class=\"row-3\">\n\t<td class=\"column-1\">Management fee:<\/td><td class=\"column-2\">Max. 1,5 % p.a.<\/td>\n<\/tr>\n<tr class=\"row-4\">\n\t<td class=\"column-1\">Expected gross revenue:<\/td><td class=\"column-2\">10-13 % p.a.<\/td>\n<\/tr>\n<tr class=\"row-5\">\n\t<td class=\"column-1\">Subscription period:<\/td><td class=\"column-2\">until 31.12.2029<\/td>\n<\/tr>\n<tr class=\"row-6\">\n\t<td class=\"column-1\">Investment horizon:<\/td><td class=\"column-2\">5 years<\/td>\n<\/tr>\n<tr class=\"row-7\">\n\t<td class=\"column-1\">Valuation:<\/td><td class=\"column-2\">Quarterly<\/td>\n<\/tr>\n<tr class=\"row-8\">\n\t<td class=\"column-1\">Supervisory authority:<\/td><td class=\"column-2\">\u010cesk\u00e1 n\u00e1rodn\u00ed banka<\/td>\n<\/tr>\n<\/tbody>\n<\/table>\n<!-- #tablepress-4 from cache -->\n<\/div>\n<\/div><\/div><\/div><\/div><div id=\"pg-w69314e2ff1434-2\"  class=\"panel-grid panel-no-style\" ><div id=\"pgc-w69314e2ff1434-2-0\"  class=\"panel-grid-cell\" ><div id=\"panel-w69314e2ff1434-2-0-0\" class=\"so-panel widget widget_sow-editor panel-first-child panel-last-child\" data-index=\"3\" ><div class=\"panel-widget-style panel-widget-style-for-w69314e2ff1434-2-0-0\" ><div\n\t\t\t\n\t\t\tclass=\"so-widget-sow-editor so-widget-sow-editor-base\"\n\t\t\t\n\t\t>\n<div class=\"siteorigin-widget-tinymce textwidget\">\n\t<hr \/>\n<\/div>\n<\/div><\/div><\/div><\/div><\/div><div id=\"pg-w69314e2ff1434-3\"  class=\"panel-grid panel-has-style\" ><div class=\"panel-row-style panel-row-style-for-w69314e2ff1434-3\" ><div id=\"pgc-w69314e2ff1434-3-0\"  class=\"panel-grid-cell\" ><div id=\"panel-w69314e2ff1434-3-0-0\" class=\"so-panel widget widget_sow-editor panel-first-child panel-last-child\" data-index=\"4\" ><div\n\t\t\t\n\t\t\tclass=\"so-widget-sow-editor so-widget-sow-editor-base\"\n\t\t\t\n\t\t>\n<div class=\"siteorigin-widget-tinymce textwidget\">\n\t<h4>Documents to download<\/h4>\n<\/div>\n<\/div><\/div><\/div><div id=\"pgc-w69314e2ff1434-3-1\"  class=\"panel-grid-cell\" ><div id=\"panel-w69314e2ff1434-3-1-0\" class=\"so-panel widget widget_sow-editor panel-first-child\" data-index=\"5\" ><div class=\"panel-widget-style panel-widget-style-for-w69314e2ff1434-3-1-0\" ><div\n\t\t\t\n\t\t\tclass=\"so-widget-sow-editor so-widget-sow-editor-base\"\n\t\t\t\n\t\t>\n<div class=\"siteorigin-widget-tinymce textwidget\">\n\t<p style=\"text-transform: uppercase; padding-bottom: 20px;\">Basic documents<\/p>\n<\/div>\n<\/div><\/div><\/div><div id=\"panel-w69314e2ff1434-3-1-1\" class=\"so-panel widget widget_sow-editor panel-last-child\" data-index=\"6\" ><div\n\t\t\t\n\t\t\tclass=\"so-widget-sow-editor so-widget-sow-editor-base\"\n\t\t\t\n\t\t>\n<div class=\"siteorigin-widget-tinymce textwidget\">\n\t<ul>\n<li class=\"pdf-icon\"><a href=\"https:\/\/falanga.wauweb.sk\/wp-content\/uploads\/2025\/11\/241219_Falanga-Invest-Podfond-Capital-Asset-Statut.pdf\" target=\"blank\">Capital Assets Statut<\/a><\/li>\n<\/ul>\n<\/div>\n<\/div><\/div><\/div><div id=\"pgc-w69314e2ff1434-3-2\"  class=\"panel-grid-cell\" ><div id=\"panel-w69314e2ff1434-3-2-0\" class=\"so-panel widget widget_sow-editor panel-first-child\" data-index=\"7\" ><div class=\"panel-widget-style panel-widget-style-for-w69314e2ff1434-3-2-0\" ><div\n\t\t\t\n\t\t\tclass=\"so-widget-sow-editor so-widget-sow-editor-base\"\n\t\t\t\n\t\t>\n<div class=\"siteorigin-widget-tinymce textwidget\">\n\t<p style=\"text-transform: uppercase; padding-bottom: 20px;\">kid<\/p>\n<\/div>\n<\/div><\/div><\/div><div id=\"panel-w69314e2ff1434-3-2-1\" class=\"so-panel widget widget_siteorigin-panels-builder panel-last-child\" data-index=\"8\" ><div id=\"pl-w69314cc2b33af\"  class=\"panel-layout\" ><div id=\"pg-w69314cc2b33af-0\"  class=\"panel-grid panel-no-style\" ><div id=\"pgc-w69314cc2b33af-0-0\"  class=\"panel-grid-cell\" ><div id=\"panel-w69314cc2b33af-0-0-0\" class=\"so-panel widget widget_sow-editor panel-first-child panel-last-child\" data-index=\"0\" ><div\n\t\t\t\n\t\t\tclass=\"so-widget-sow-editor so-widget-sow-editor-base\"\n\t\t\t\n\t\t>\n<div class=\"siteorigin-widget-tinymce textwidget\">\n\t<ul>\n<li class=\"pdf-icon\"><a href=\"https:\/\/falanga.wauweb.sk\/wp-content\/uploads\/2025\/11\/KID_Falanga-Invest-Podfond-Capital-Asset_2025-01-01_PIA-EUR.pdf\" target=\"blank\">KID PIA EUR<\/a><\/li>\n<li class=\"pdf-icon\"><a href=\"https:\/\/falanga.wauweb.sk\/wp-content\/uploads\/2025\/11\/KID-PIA-CZK.pdf\" target=\"blank\">KID PIA CZK<\/a><\/li>\n<li class=\"pdf-icon\"><a href=\"https:\/\/falanga.wauweb.sk\/wp-content\/uploads\/2025\/11\/KID-PRIA-EUR.pdf\" target=\"blank\">KID PRIA EUR<\/a><\/li>\n<\/ul>\n<\/div>\n<\/div><\/div><\/div><div id=\"pgc-w69314cc2b33af-0-1\"  class=\"panel-grid-cell\" ><div id=\"panel-w69314cc2b33af-0-1-0\" class=\"so-panel widget widget_sow-editor panel-first-child panel-last-child\" data-index=\"1\" ><div\n\t\t\t\n\t\t\tclass=\"so-widget-sow-editor so-widget-sow-editor-base\"\n\t\t\t\n\t\t>\n<div class=\"siteorigin-widget-tinymce textwidget\">\n\t<ul>\n<li class=\"pdf-icon\"><a href=\"https:\/\/falanga.wauweb.sk\/wp-content\/uploads\/2025\/11\/KID-PRIA-CZK.pdf\" target=\"blank\">KID PRIA CZK<\/a><\/li>\n<li class=\"pdf-icon\"><a href=\"https:\/\/falanga.wauweb.sk\/wp-content\/uploads\/2025\/11\/KID-VIA.pdf\" target=\"blank\">KID VIA<\/a><\/li>\n<li class=\"pdf-icon\"><a href=\"https:\/\/falanga.wauweb.sk\/wp-content\/uploads\/2025\/11\/KID-MIA.pdf\" target=\"blank\">KID MIA<\/a><\/li>\n<\/ul>\n<\/div>\n<\/div><\/div><\/div><\/div><\/div><\/div><\/div><\/div><\/div><\/div><\/div><\/div><\/div><\/div><\/div>","protected":false},"excerpt":{"rendered":"<p>The best time to shape the future is right now. Contact us<\/p>\n","protected":false},"author":1,"featured_media":267,"parent":0,"menu_order":0,"comment_status":"closed","ping_status":"closed","template":"template-podfond-capital-asset.php","meta":{"_acf_changed":false,"inline_featured_image":false,"footnotes":""},"class_list":["post-273","page","type-page","status-publish","has-post-thumbnail","hentry"],"acf":[],"_links":{"self":[{"href":"https:\/\/falanga.wauweb.sk\/en\/wp-json\/wp\/v2\/pages\/273","targetHints":{"allow":["GET"]}}],"collection":[{"href":"https:\/\/falanga.wauweb.sk\/en\/wp-json\/wp\/v2\/pages"}],"about":[{"href":"https:\/\/falanga.wauweb.sk\/en\/wp-json\/wp\/v2\/types\/page"}],"author":[{"embeddable":true,"href":"https:\/\/falanga.wauweb.sk\/en\/wp-json\/wp\/v2\/users\/1"}],"replies":[{"embeddable":true,"href":"https:\/\/falanga.wauweb.sk\/en\/wp-json\/wp\/v2\/comments?post=273"}],"version-history":[{"count":12,"href":"https:\/\/falanga.wauweb.sk\/en\/wp-json\/wp\/v2\/pages\/273\/revisions"}],"predecessor-version":[{"id":305,"href":"https:\/\/falanga.wauweb.sk\/en\/wp-json\/wp\/v2\/pages\/273\/revisions\/305"}],"wp:featuredmedia":[{"embeddable":true,"href":"https:\/\/falanga.wauweb.sk\/en\/wp-json\/wp\/v2\/media\/267"}],"wp:attachment":[{"href":"https:\/\/falanga.wauweb.sk\/en\/wp-json\/wp\/v2\/media?parent=273"}],"curies":[{"name":"wp","href":"https:\/\/api.w.org\/{rel}","templated":true}]}}