{"id":266,"date":"2025-11-12T10:43:43","date_gmt":"2025-11-12T09:43:43","guid":{"rendered":"https:\/\/falanga.wauweb.sk\/about-us\/"},"modified":"2025-12-04T10:35:53","modified_gmt":"2025-12-04T09:35:53","slug":"about-us","status":"publish","type":"page","link":"https:\/\/falanga.wauweb.sk\/en\/about-us\/","title":{"rendered":"About Us"},"content":{"rendered":"<div id=\"pl-266\"  class=\"panel-layout\" ><div id=\"pg-266-0\"  class=\"panel-grid panel-has-style\" ><div class=\"panel-row-style panel-row-style-for-266-0\" ><div id=\"pgc-266-0-0\"  class=\"panel-grid-cell\" ><div id=\"panel-266-0-0-0\" class=\"so-panel widget widget_sow-editor panel-first-child panel-last-child\" data-index=\"0\" ><div\n\t\t\t\n\t\t\tclass=\"so-widget-sow-editor so-widget-sow-editor-base\"\n\t\t\t\n\t\t>\n<div class=\"siteorigin-widget-tinymce textwidget\">\n\t<h3>At Falanga Invest, we connect capital with vision. We are an investment platform for those who want to stay ahead \u2013 for leaders, innovators, and everyone who believes that the future is created today.<\/h3>\n<p><a class=\"main-btn\" href=\"https:\/\/falanga.wauweb.sk\/en\/#podfondy\"><span>View Sub-funds<\/span><\/a><\/p>\n<\/div>\n<\/div><\/div><\/div><div id=\"pgc-266-0-1\"  class=\"panel-grid-cell\" ><div id=\"panel-266-0-1-0\" class=\"so-panel widget widget_sow-image panel-first-child panel-last-child\" data-index=\"1\" ><div class=\"panel-widget-style panel-widget-style-for-266-0-1-0\" ><div\n\t\t\t\n\t\t\tclass=\"so-widget-sow-image so-widget-sow-image-default-8b5b6f678277-266\"\n\t\t\t\n\t\t>\n<div class=\"sow-image-container\">\n\t\t<img \n\tsrc=\"https:\/\/falanga.wauweb.sk\/wp-content\/uploads\/2025\/11\/Group-866.png\" width=\"972\" height=\"1004\" srcset=\"https:\/\/falanga.wauweb.sk\/wp-content\/uploads\/2025\/11\/Group-866.png 972w, https:\/\/falanga.wauweb.sk\/wp-content\/uploads\/2025\/11\/Group-866-290x300.png 290w\" sizes=\"(max-width: 972px) 100vw, 972px\" title=\"Group 866\" alt=\"\" \t\tclass=\"so-widget-image\"\/>\n\t<\/div>\n\n<\/div><\/div><\/div><\/div><\/div><\/div><div id=\"pg-266-1\"  class=\"panel-grid panel-has-style\" ><div class=\"panel-row-style panel-row-style-for-266-1\" ><div id=\"pgc-266-1-0\"  class=\"panel-grid-cell\" ><div id=\"panel-266-1-0-0\" class=\"so-panel widget widget_sow-editor panel-first-child panel-last-child\" data-index=\"2\" ><div\n\t\t\t\n\t\t\tclass=\"so-widget-sow-editor so-widget-sow-editor-base\"\n\t\t\t\n\t\t>\n<div class=\"siteorigin-widget-tinymce textwidget\">\n\t<h4>Who We Are<\/h4>\n<p>We are a team of professionals with a passion for financial markets, real estate, and business opportunities, helping clients grow, protect their capital, and achieve stable returns.<\/p>\n<\/div>\n<\/div><\/div><\/div><div id=\"pgc-266-1-1\"  class=\"panel-grid-cell panel-grid-cell-mobile-last\" ><div id=\"panel-266-1-1-0\" class=\"so-panel widget widget_sow-editor panel-first-child panel-last-child\" data-index=\"3\" ><div class=\"content panel-widget-style panel-widget-style-for-266-1-1-0\" ><div\n\t\t\t\n\t\t\tclass=\"so-widget-sow-editor so-widget-sow-editor-base\"\n\t\t\t\n\t\t>\n<div class=\"siteorigin-widget-tinymce textwidget\">\n\t<h4>What Defines Us?<\/h4>\n<ul>\n<li>Investments in progressive and technology-oriented projects<\/li>\n<li>Strategic partnerships with visionary companies<\/li>\n<li>Focus on sustainability, innovation, and long-term value<\/li>\n<li>Transparent approach and trust as the foundation of collaboration<\/li>\n<\/ul>\n<p>&nbsp;<\/p>\n<\/div>\n<\/div><\/div><\/div><\/div><div id=\"pgc-266-1-2\"  class=\"panel-grid-cell panel-grid-cell-empty\" ><\/div><\/div><\/div><div id=\"pg-266-2\"  class=\"panel-grid panel-has-style\" ><div class=\"siteorigin-panels-stretch panel-row-style panel-row-style-for-266-2\" data-stretch-type=\"full-width-stretch\" ><div id=\"pgc-266-2-0\"  class=\"panel-grid-cell\" ><div id=\"panel-266-2-0-0\" class=\"so-panel widget widget_text panel-first-child panel-last-child\" data-index=\"4\" >\t\t\t<div class=\"textwidget\"><div class=\"section partners\">\n  <div class=\"row in-grid\">\n\n   <div class=\"columns-wrapper center\">\n      <div class=\"col-12\">\n        <h6>Falanga Invest<\/h6>\n        <h2>Associated Partners<\/h2>\n      <\/div>\n    <\/div>\n\n    <div class=\"columns-wrapper naccs\">\n      <div class=\"col-8\">\n\n        <ul class=\"nacc\">\n            <li class=\"active\">\n            <div class=\"partner-item\">\n                <img decoding=\"async\" class=\"photo\" src=\"\/wp-content\/uploads\/2025\/11\/partner_pic.webp\">\n                <div class=\"partner-item-content\">\n                    <h3>Vazil Hud\u00e1k<\/h3>\n                    <p class=\"small\">Investment Partner<\/p>\n                    <p>Zku\u0161en\u00fd\u00a0top mana\u017eer, ekonom a senior bank\u00e9\u0159.\u00a0P\u016fsobil v\u00a0Citigroup a JPMorgan Chase Bank\u00a0se zam\u011b\u0159en\u00edm na\u00a0budov\u00e1n\u00ed spolupr\u00e1ce se st\u00e1tnimi institucemi v st\u0159edn\u00ed a v\u00fdchodn\u00ed Evrop\u011b. B\u00fdval\u00fd\u00a0ministr hospod\u00e1\u0159stv\u00ed SR, viceprezident Evropsk\u00e9 Investi\u010dn\u00ed Banky (EIB) a z\u00e1stupce SR v Rad\u011b guvern\u00e9r\u016f Evropsk\u00e9ho mechanizmu pro stabilitu.<\/p>\n                    <img decoding=\"async\" class=\"logo\" src=\"\/wp-content\/uploads\/2025\/11\/esm_logo_1.webp\">\n                <\/div>\n            <\/div>\n            <\/li>\n\n            <li>\n            <div class=\"partner-item\">\n                <img decoding=\"async\" class=\"photo\" src=\"\/wp-content\/uploads\/2025\/11\/contact_avatar.webp\">\n                <div class=\"partner-item-content\">\n                    <h3>Dana Meager<\/h3>\n                    <p class=\"small\">Investment Partner<\/p>\n                    <p>Lorem ipsum dolor sit amet, consectetur adipiscing elit. Proin hendrerit augue nulla, vitae rutrum risus mattis quis. Aenean malesuada feugiat imperdiet. Praesent faucibus ligula dapibus tellus iaculis dictum. Aenean malesuada velit consequat metus consequat pellentesque. Nam imperdiet imperdiet nunc, a scelerisque nunc tincidunt sit amet.<\/p>\n                    <img decoding=\"async\" class=\"logo\" src=\"\/wp-content\/uploads\/2025\/11\/esm_logo_1.webp\">\n                <\/div>\n            <\/div>\n            <\/li>\n\n            <li>\n            <div class=\"partner-item\">\n                <img decoding=\"async\" class=\"photo\" src=\"\/wp-content\/uploads\/2025\/11\/Partner_pic_2.webp\">\n                <div class=\"partner-item-content\">\n                    <h3>Daniel Bercel<\/h3>\n                    <p class=\"small\">Investment Partner<\/p>\n                    <p>Zku\u0161en\u00fd\u00a0top mana\u017eer, ekonom a senior bank\u00e9\u0159.\u00a0P\u016fsobil v\u00a0Citigroup a JPMorgan Chase Bank\u00a0se zam\u011b\u0159en\u00edm na\u00a0budov\u00e1n\u00ed spolupr\u00e1ce se st\u00e1tnimi institucemi v st\u0159edn\u00ed a v\u00fdchodn\u00ed Evrop\u011b. B\u00fdval\u00fd\u00a0ministr hospod\u00e1\u0159stv\u00ed SR, viceprezident Evropsk\u00e9 Investi\u010dn\u00ed Banky (EIB) a z\u00e1stupce SR v Rad\u011b guvern\u00e9r\u016f Evropsk\u00e9ho mechanizmu pro stabilitu.<\/p>\n                    <img decoding=\"async\" class=\"logo\" src=\"\/wp-content\/uploads\/2025\/11\/esm_logo_1.webp\">\n                <\/div>\n            <\/div>\n            <\/li>\n\n            <li>\n            <div class=\"partner-item\">\n                <img decoding=\"async\" class=\"photo\" src=\"\/wp-content\/uploads\/2025\/11\/partner_pic.webp\">\n                <div class=\"partner-item-content\">\n                    <h3>Luk\u00e1\u0161 Hatala<\/h3>\n                    <p class=\"small\">Investment Partner<\/p>\n                    <p>Zku\u0161en\u00fd\u00a0top mana\u017eer, ekonom a senior bank\u00e9\u0159.\u00a0P\u016fsobil v\u00a0Citigroup a JPMorgan Chase Bank\u00a0se zam\u011b\u0159en\u00edm na\u00a0budov\u00e1n\u00ed spolupr\u00e1ce se st\u00e1tnimi institucemi v st\u0159edn\u00ed a v\u00fdchodn\u00ed Evrop\u011b. <\/p>\n                    <img decoding=\"async\" class=\"logo\" src=\"\/wp-content\/uploads\/2025\/11\/esm_logo_1.webp\">\n                <\/div>\n            <\/div>\n            <\/li>\n            \n            <\/ul>\n        \n      <\/div>\n\n      <div class=\"col-4\">\n\n        <div class=\"menu\">\n            <div class=\"partner-nav active\">\n                <span class=\"light\"><\/span>\n                <img decoding=\"async\" src=\"\/wp-content\/uploads\/2025\/11\/partner_pic.webp\">\n                <div class=\"name\"><h5>Vazil Hud\u00e1k<\/h5>\n                <p>Investment Partner<\/p><\/div>\n            <\/div>\n            <div class=\"partner-nav\">\n                <span class=\"light\"><\/span>\n                <img decoding=\"async\" src=\"\/wp-content\/uploads\/2025\/11\/contact_avatar.webp\">\n                <div class=\"name\"><h5>Dana Meager<\/h5>\n                <p>Investment Partner<\/p><\/div>\n            <\/div>\n            <div class=\"partner-nav\">\n                <span class=\"light\"><\/span>\n                <img decoding=\"async\" src=\"\/wp-content\/uploads\/2025\/11\/Partner_pic_2.webp\">\n                <div class=\"name\"><h5>Daniel Bercel<\/h5>\n                <p>Investment Partner<\/p><\/div>\n            <\/div>\n            <div class=\"partner-nav\">\n                <span class=\"light\"><\/span>\n                <img decoding=\"async\" src=\"\/wp-content\/uploads\/2025\/11\/partner_pic.webp\">\n                <div class=\"name\"><h5>Luk\u00e1\u0161 Hatala<\/h5>\n                <p>Investment Partner<\/p><\/div>\n            <\/div>\n        <\/div>\n\n      <\/div>\n    <\/div>\n\n  <\/div>\n<\/div>\n\n\n<script>\n$(document).on(\"click\", \".naccs .menu .partner-nav\", function() {\n\tvar numberIndex = $(this).index();\n\n\tif (!$(this).is(\"active\")) {\n\t\t$(\".naccs .menu .partner-nav\").removeClass(\"active\");\n\t\t$(\".naccs ul li\").removeClass(\"active\");\n\n\t\t$(this).addClass(\"active\");\n\t\t$(\".naccs ul\").find(\"li:eq(\" + numberIndex + \")\").addClass(\"active\");\n\n\t\tvar listItemHeight = $(\".naccs ul\")\n\t\t\t.find(\"li:eq(\" + numberIndex + \")\")\n\t\t\t.innerHeight();\n\t\t$(\".naccs ul\").height(listItemHeight + \"px\");\n\t}\n});\n<\/script>\n\n<\/div>\n\t\t<\/div><\/div><\/div><\/div><\/div>","protected":false},"excerpt":{"rendered":"<p>At Falanga Invest, we connect capital with vision. We are an investment platform for those who want to stay ahead \u2013 for leaders, innovators, and everyone who believes that the future is created today. View Sub-funds Who We Are We are a team of professionals with a passion for financial markets, real estate, and business <a href=\"https:\/\/falanga.wauweb.sk\/en\/about-us\/\" class=\"more-link\">&#8230;<span class=\"screen-reader-text\">  About Us<\/span><\/a><\/p>\n","protected":false},"author":1,"featured_media":264,"parent":0,"menu_order":0,"comment_status":"closed","ping_status":"closed","template":"","meta":{"_acf_changed":false,"inline_featured_image":false,"footnotes":""},"class_list":["post-266","page","type-page","status-publish","has-post-thumbnail","hentry"],"acf":[],"_links":{"self":[{"href":"https:\/\/falanga.wauweb.sk\/en\/wp-json\/wp\/v2\/pages\/266","targetHints":{"allow":["GET"]}}],"collection":[{"href":"https:\/\/falanga.wauweb.sk\/en\/wp-json\/wp\/v2\/pages"}],"about":[{"href":"https:\/\/falanga.wauweb.sk\/en\/wp-json\/wp\/v2\/types\/page"}],"author":[{"embeddable":true,"href":"https:\/\/falanga.wauweb.sk\/en\/wp-json\/wp\/v2\/users\/1"}],"replies":[{"embeddable":true,"href":"https:\/\/falanga.wauweb.sk\/en\/wp-json\/wp\/v2\/comments?post=266"}],"version-history":[{"count":2,"href":"https:\/\/falanga.wauweb.sk\/en\/wp-json\/wp\/v2\/pages\/266\/revisions"}],"predecessor-version":[{"id":313,"href":"https:\/\/falanga.wauweb.sk\/en\/wp-json\/wp\/v2\/pages\/266\/revisions\/313"}],"wp:featuredmedia":[{"embeddable":true,"href":"https:\/\/falanga.wauweb.sk\/en\/wp-json\/wp\/v2\/media\/264"}],"wp:attachment":[{"href":"https:\/\/falanga.wauweb.sk\/en\/wp-json\/wp\/v2\/media?parent=266"}],"curies":[{"name":"wp","href":"https:\/\/api.w.org\/{rel}","templated":true}]}}